{"id":19379,"date":"2021-08-09T14:31:59","date_gmt":"2021-08-09T12:31:59","guid":{"rendered":"https:\/\/www.accessgroup.tn\/?page_id=19379"},"modified":"2022-06-01T12:59:01","modified_gmt":"2022-06-01T10:59:01","slug":"contact","status":"publish","type":"page","link":"https:\/\/www.accessgroup.tn\/en\/contact\/","title":{"rendered":"Contact"},"content":{"rendered":"\t\t<div data-elementor-type=\"wp-page\" data-elementor-id=\"19379\" class=\"elementor elementor-19379\" data-elementor-settings=\"[]\">\n\t\t\t\t\t\t\t<div class=\"elementor-section-wrap\">\n\t\t\t\t\t\t\t<section class=\"elementor-section elementor-top-section elementor-element elementor-element-433f8238 elementor-section-boxed elementor-section-height-default elementor-section-height-default\" data-id=\"433f8238\" data-element_type=\"section\">\n\t\t\t\t\t\t<div class=\"elementor-container elementor-column-gap-default\">\n\t\t\t\t\t<div class=\"elementor-column elementor-col-100 elementor-top-column elementor-element elementor-element-577d4b86\" data-id=\"577d4b86\" data-element_type=\"column\">\n\t\t\t<div class=\"elementor-widget-wrap elementor-element-populated\">\n\t\t\t\t\t\t\t\t<div class=\"elementor-element elementor-element-1fc8bea6 elementor-widget elementor-widget-text-editor\" data-id=\"1fc8bea6\" data-element_type=\"widget\" data-widget_type=\"text-editor.default\">\n\t\t\t\t<div class=\"elementor-widget-container\">\n\t\t\t\t\t\t\t\t<p>[vc_row][vc_column width=&#8221;1\/2&#8243; css=&#8221;.vc_custom_1627384879305{margin-top: 40px !important;}&#8221;][vc_column_text]<\/p><h4><strong>Address :<\/strong> Corner Boulevard de la Monnaie-Rue des Iles Zamelek, ACCESS BUILDING building 1st floor-Lac II- Tunis 1053<\/h4><h4><strong>Phone :<\/strong> (+216) 20 291 291 \/ 27 163 175\u00a0 29 119 000 \/ 98 403 400<\/h4><h4><strong>E-mail :<\/strong> <a href=\"mailto:accessimmobiliere22@gmail.com\">accessimmobiliere22@gmail.com<\/a><\/h4><p>[\/vc_column_text][\/vc_column][vc_column width=&#8221;1\/2&#8243;]<div class=\"wpforms-container wpforms-container-full\" id=\"wpforms-19078\"><form id=\"wpforms-form-19078\" class=\"wpforms-validate wpforms-form wpforms-ajax-form\" data-formid=\"19078\" method=\"post\" enctype=\"multipart\/form-data\" action=\"\/en\/wp-json\/wp\/v2\/pages\/19379\" data-token=\"36ffe16f4ca23a43607afd3f8e1c04e5\"><noscript class=\"wpforms-error-noscript\">Please enable JavaScript in your browser to complete this form.<\/noscript><div class=\"wpforms-field-container\"><div id=\"wpforms-19078-field_0-container\" class=\"wpforms-field wpforms-field-name\" data-field-id=\"0\"><label class=\"wpforms-field-label\" for=\"wpforms-19078-field_0\">Nom &amp; Pr\u00e9nom <span class=\"wpforms-required-label\">*<\/span><\/label><div class=\"wpforms-field-row wpforms-field-large\"><div class=\"wpforms-field-row-block wpforms-first wpforms-one-half\"><input type=\"text\" id=\"wpforms-19078-field_0\" class=\"wpforms-field-name-first wpforms-field-required\" name=\"wpforms[fields][0][first]\" required><label for=\"wpforms-19078-field_0\" class=\"wpforms-field-sublabel after \">First<\/label><\/div><div class=\"wpforms-field-row-block wpforms-one-half\"><input type=\"text\" id=\"wpforms-19078-field_0-last\" class=\"wpforms-field-name-last wpforms-field-required\" name=\"wpforms[fields][0][last]\" required><label for=\"wpforms-19078-field_0-last\" class=\"wpforms-field-sublabel after \">Last<\/label><\/div><\/div><\/div><div id=\"wpforms-19078-field_3-container\" class=\"wpforms-field wpforms-field-number\" data-field-id=\"3\"><label class=\"wpforms-field-label\" for=\"wpforms-19078-field_3\">T\u00e9l  <span class=\"wpforms-required-label\">*<\/span><\/label><input type=\"number\" pattern=\"\\d*\" id=\"wpforms-19078-field_3\" class=\"wpforms-field-large wpforms-field-required\" name=\"wpforms[fields][3]\" required><\/div><div id=\"wpforms-19078-field_1-container\" class=\"wpforms-field wpforms-field-email\" data-field-id=\"1\"><label class=\"wpforms-field-label\" for=\"wpforms-19078-field_1\">Email <span class=\"wpforms-required-label\">*<\/span><\/label><input type=\"email\" id=\"wpforms-19078-field_1\" class=\"wpforms-field-large wpforms-field-required\" name=\"wpforms[fields][1]\" required><\/div><div id=\"wpforms-19078-field_2-container\" class=\"wpforms-field wpforms-field-textarea\" data-field-id=\"2\"><label class=\"wpforms-field-label\" for=\"wpforms-19078-field_2\">Message <span class=\"wpforms-required-label\">*<\/span><\/label><textarea id=\"wpforms-19078-field_2\" class=\"wpforms-field-medium wpforms-field-required\" name=\"wpforms[fields][2]\" required><\/textarea><\/div><\/div><div class=\"wpforms-submit-container\" ><input type=\"hidden\" name=\"wpforms[id]\" value=\"19078\"><input type=\"hidden\" name=\"wpforms[author]\" value=\"1\"><button type=\"submit\" name=\"wpforms[submit]\" class=\"wpforms-submit \" id=\"wpforms-submit-19078\" value=\"wpforms-submit\" aria-live=\"assertive\" data-alt-text=\"Envoi en cours...\" data-submit-text=\"Envoyer\">Envoyer<\/button><img loading=\"lazy\" src=\"https:\/\/www.accessgroup.tn\/wp-content\/plugins\/wpforms-lite\/assets\/images\/submit-spin.svg\" class=\"wpforms-submit-spinner\" style=\"display: none;\" width=\"26\" height=\"26\" alt=\"\"><\/div><\/form><\/div>  <!-- .wpforms-container -->[\/vc_column][\/vc_row]<\/p>\t\t\t\t\t\t<\/div>\n\t\t\t\t<\/div>\n\t\t\t\t\t<\/div>\n\t\t<\/div>\n\t\t\t\t\t\t\t<\/div>\n\t\t<\/section>\n\t\t\t\t\t\t<\/div>\n\t\t\t\t\t<\/div>\n\t\t","protected":false},"excerpt":{"rendered":"<p>[vc_row][vc_column width=&#8221;1\/2&#8243; css=&#8221;.vc_custom_1627384879305{margin-top: 40px !important;}&#8221;][vc_column_text] Address : Corner Boulevard de la Monnaie-Rue des Iles Zamelek, ACCESS BUILDING building 1st floor-Lac II- Tunis 1053 Phone : (+216) 20 291 291 \/ 27 163 175\u00a0 29 119 000 \/ 98 403 400 E-mail : accessimmobiliere22@gmail.com [\/vc_column_text][\/vc_column][vc_column width=&#8221;1\/2&#8243;][\/vc_column][\/vc_row]<\/p>\n","protected":false},"author":1,"featured_media":0,"parent":0,"menu_order":0,"comment_status":"open","ping_status":"open","template":"","meta":[],"yoast_head":"<!-- This site is optimized with the Yoast SEO plugin v16.9 - https:\/\/yoast.com\/wordpress\/plugins\/seo\/ -->\n<title>Access group | appartement a louer - r\u00e9sidence les fatimides Tunisie<\/title>\n<meta name=\"description\" content=\"\u00cates-vous \u00e0 la recherche d&#039;un appartement \u00e0 louer? Access groupe vous g\u00e2te avec des appartements hauts standings avec un bon rapport qualit\u00e9-prix \u00e0 Mahdia.\" \/>\n<meta name=\"robots\" content=\"index, follow, max-snippet:-1, max-image-preview:large, max-video-preview:-1\" \/>\n<link rel=\"canonical\" href=\"https:\/\/www.accessgroup.tn\/en\/contact\/\" \/>\n<meta property=\"og:locale\" content=\"en_US\" \/>\n<meta property=\"og:type\" content=\"article\" \/>\n<meta property=\"og:title\" content=\"Access group | appartement a louer - r\u00e9sidence les fatimides Tunisie\" \/>\n<meta property=\"og:description\" content=\"\u00cates-vous \u00e0 la recherche d&#039;un appartement \u00e0 louer? Access groupe vous g\u00e2te avec des appartements hauts standings avec un bon rapport qualit\u00e9-prix \u00e0 Mahdia.\" \/>\n<meta property=\"og:url\" content=\"https:\/\/www.accessgroup.tn\/en\/contact\/\" \/>\n<meta property=\"og:site_name\" content=\"Access immobili\u00e8re\" \/>\n<meta property=\"article:modified_time\" content=\"2022-06-01T10:59:01+00:00\" \/>\n<meta name=\"twitter:card\" content=\"summary_large_image\" \/>\n<script type=\"application\/ld+json\" class=\"yoast-schema-graph\">{\"@context\":\"https:\/\/schema.org\",\"@graph\":[{\"@type\":\"WebSite\",\"@id\":\"https:\/\/www.accessgroup.tn\/#website\",\"url\":\"https:\/\/www.accessgroup.tn\/\",\"name\":\"Access immobili\\u00e8re\",\"description\":\"Access group est un promoteur immobilier leader dans son domaine offrant des r\\u00e9sidences de luxe avec des appartements hauts standing\",\"potentialAction\":[{\"@type\":\"SearchAction\",\"target\":{\"@type\":\"EntryPoint\",\"urlTemplate\":\"https:\/\/www.accessgroup.tn\/?s={search_term_string}\"},\"query-input\":\"required name=search_term_string\"}],\"inLanguage\":\"en-US\"},{\"@type\":\"WebPage\",\"@id\":\"https:\/\/www.accessgroup.tn\/en\/contact\/#webpage\",\"url\":\"https:\/\/www.accessgroup.tn\/en\/contact\/\",\"name\":\"Access group | appartement a louer - r\\u00e9sidence les fatimides Tunisie\",\"isPartOf\":{\"@id\":\"https:\/\/www.accessgroup.tn\/#website\"},\"datePublished\":\"2021-08-09T12:31:59+00:00\",\"dateModified\":\"2022-06-01T10:59:01+00:00\",\"description\":\"\\u00cates-vous \\u00e0 la recherche d'un appartement \\u00e0 louer? Access groupe vous g\\u00e2te avec des appartements hauts standings avec un bon rapport qualit\\u00e9-prix \\u00e0 Mahdia.\",\"breadcrumb\":{\"@id\":\"https:\/\/www.accessgroup.tn\/en\/contact\/#breadcrumb\"},\"inLanguage\":\"en-US\",\"potentialAction\":[{\"@type\":\"ReadAction\",\"target\":[\"https:\/\/www.accessgroup.tn\/en\/contact\/\"]}]},{\"@type\":\"BreadcrumbList\",\"@id\":\"https:\/\/www.accessgroup.tn\/en\/contact\/#breadcrumb\",\"itemListElement\":[{\"@type\":\"ListItem\",\"position\":1,\"name\":\"Accueil\",\"item\":\"https:\/\/www.accessgroup.tn\/ar\/\"},{\"@type\":\"ListItem\",\"position\":2,\"name\":\"Contact\"}]}]}<\/script>\n<!-- \/ Yoast SEO plugin. -->","yoast_head_json":{"title":"Access group | appartement a louer - r\u00e9sidence les fatimides Tunisie","description":"\u00cates-vous \u00e0 la recherche d'un appartement \u00e0 louer? Access groupe vous g\u00e2te avec des appartements hauts standings avec un bon rapport qualit\u00e9-prix \u00e0 Mahdia.","robots":{"index":"index","follow":"follow","max-snippet":"max-snippet:-1","max-image-preview":"max-image-preview:large","max-video-preview":"max-video-preview:-1"},"canonical":"https:\/\/www.accessgroup.tn\/en\/contact\/","og_locale":"en_US","og_type":"article","og_title":"Access group | appartement a louer - r\u00e9sidence les fatimides Tunisie","og_description":"\u00cates-vous \u00e0 la recherche d'un appartement \u00e0 louer? Access groupe vous g\u00e2te avec des appartements hauts standings avec un bon rapport qualit\u00e9-prix \u00e0 Mahdia.","og_url":"https:\/\/www.accessgroup.tn\/en\/contact\/","og_site_name":"Access immobili\u00e8re","article_modified_time":"2022-06-01T10:59:01+00:00","twitter_card":"summary_large_image","schema":{"@context":"https:\/\/schema.org","@graph":[{"@type":"WebSite","@id":"https:\/\/www.accessgroup.tn\/#website","url":"https:\/\/www.accessgroup.tn\/","name":"Access immobili\u00e8re","description":"Access group est un promoteur immobilier leader dans son domaine offrant des r\u00e9sidences de luxe avec des appartements hauts standing","potentialAction":[{"@type":"SearchAction","target":{"@type":"EntryPoint","urlTemplate":"https:\/\/www.accessgroup.tn\/?s={search_term_string}"},"query-input":"required name=search_term_string"}],"inLanguage":"en-US"},{"@type":"WebPage","@id":"https:\/\/www.accessgroup.tn\/en\/contact\/#webpage","url":"https:\/\/www.accessgroup.tn\/en\/contact\/","name":"Access group | appartement a louer - r\u00e9sidence les fatimides Tunisie","isPartOf":{"@id":"https:\/\/www.accessgroup.tn\/#website"},"datePublished":"2021-08-09T12:31:59+00:00","dateModified":"2022-06-01T10:59:01+00:00","description":"\u00cates-vous \u00e0 la recherche d'un appartement \u00e0 louer? Access groupe vous g\u00e2te avec des appartements hauts standings avec un bon rapport qualit\u00e9-prix \u00e0 Mahdia.","breadcrumb":{"@id":"https:\/\/www.accessgroup.tn\/en\/contact\/#breadcrumb"},"inLanguage":"en-US","potentialAction":[{"@type":"ReadAction","target":["https:\/\/www.accessgroup.tn\/en\/contact\/"]}]},{"@type":"BreadcrumbList","@id":"https:\/\/www.accessgroup.tn\/en\/contact\/#breadcrumb","itemListElement":[{"@type":"ListItem","position":1,"name":"Accueil","item":"https:\/\/www.accessgroup.tn\/ar\/"},{"@type":"ListItem","position":2,"name":"Contact"}]}]}},"_links":{"self":[{"href":"https:\/\/www.accessgroup.tn\/en\/wp-json\/wp\/v2\/pages\/19379"}],"collection":[{"href":"https:\/\/www.accessgroup.tn\/en\/wp-json\/wp\/v2\/pages"}],"about":[{"href":"https:\/\/www.accessgroup.tn\/en\/wp-json\/wp\/v2\/types\/page"}],"author":[{"embeddable":true,"href":"https:\/\/www.accessgroup.tn\/en\/wp-json\/wp\/v2\/users\/1"}],"replies":[{"embeddable":true,"href":"https:\/\/www.accessgroup.tn\/en\/wp-json\/wp\/v2\/comments?post=19379"}],"version-history":[{"count":6,"href":"https:\/\/www.accessgroup.tn\/en\/wp-json\/wp\/v2\/pages\/19379\/revisions"}],"predecessor-version":[{"id":20874,"href":"https:\/\/www.accessgroup.tn\/en\/wp-json\/wp\/v2\/pages\/19379\/revisions\/20874"}],"wp:attachment":[{"href":"https:\/\/www.accessgroup.tn\/en\/wp-json\/wp\/v2\/media?parent=19379"}],"curies":[{"name":"wp","href":"https:\/\/api.w.org\/{rel}","templated":true}]}}