{"id":19372,"date":"2021-08-09T14:17:35","date_gmt":"2021-08-09T12:17:35","guid":{"rendered":"https:\/\/www.accessgroup.tn\/?page_id=19372"},"modified":"2021-09-01T17:03:41","modified_gmt":"2021-09-01T15:03:41","slug":"presentation","status":"publish","type":"page","link":"https:\/\/www.accessgroup.tn\/en\/presentation\/","title":{"rendered":"Presentation"},"content":{"rendered":"\t\t<div data-elementor-type=\"wp-page\" data-elementor-id=\"19372\" class=\"elementor elementor-19372\" data-elementor-settings=\"[]\">\n\t\t\t\t\t\t\t<div class=\"elementor-section-wrap\">\n\t\t\t\t\t\t\t<section class=\"elementor-section elementor-top-section elementor-element elementor-element-0cd8d01 elementor-section-stretched elementor-section-boxed elementor-section-height-default elementor-section-height-default\" data-id=\"0cd8d01\" data-element_type=\"section\" data-settings=\"{&quot;stretch_section&quot;:&quot;section-stretched&quot;,&quot;background_background&quot;:&quot;classic&quot;}\">\n\t\t\t\t\t\t\t<div class=\"elementor-background-overlay\"><\/div>\n\t\t\t\t\t\t\t<div class=\"elementor-container elementor-column-gap-no\">\n\t\t\t\t\t<div class=\"elementor-column elementor-col-100 elementor-top-column elementor-element elementor-element-b493231\" data-id=\"b493231\" data-element_type=\"column\">\n\t\t\t<div class=\"elementor-widget-wrap elementor-element-populated\">\n\t\t\t\t\t\t\t\t<div class=\"elementor-element elementor-element-d58e66d animated-slow elementor-invisible elementor-widget elementor-widget-heading\" data-id=\"d58e66d\" data-element_type=\"widget\" data-settings=\"{&quot;_animation&quot;:&quot;fadeIn&quot;,&quot;_animation_delay&quot;:200}\" data-widget_type=\"heading.default\">\n\t\t\t\t<div class=\"elementor-widget-container\">\n\t\t\t<h2 class=\"elementor-heading-title elementor-size-default\">Presentation<\/h2>\t\t<\/div>\n\t\t\t\t<\/div>\n\t\t\t\t<section class=\"elementor-section elementor-inner-section elementor-element elementor-element-e02ca10 elementor-section-boxed elementor-section-height-default elementor-section-height-default\" data-id=\"e02ca10\" data-element_type=\"section\" data-settings=\"{&quot;background_background&quot;:&quot;classic&quot;}\">\n\t\t\t\t\t\t<div class=\"elementor-container elementor-column-gap-default\">\n\t\t\t\t\t<div class=\"elementor-column elementor-col-50 elementor-inner-column elementor-element elementor-element-7f4f189\" data-id=\"7f4f189\" data-element_type=\"column\">\n\t\t\t<div class=\"elementor-widget-wrap elementor-element-populated\">\n\t\t\t\t\t\t\t\t<div class=\"elementor-element elementor-element-d01f0a9 elementor-widget elementor-widget-image\" data-id=\"d01f0a9\" data-element_type=\"widget\" data-widget_type=\"image.default\">\n\t\t\t\t<div class=\"elementor-widget-container\">\n\t\t\t\t\t\t\t\t\t\t\t\t\t\t\t<img width=\"930\" height=\"520\" src=\"https:\/\/www.accessgroup.tn\/wp-content\/uploads\/2021\/09\/fatimide.jpg\" class=\"attachment-large size-large\" alt=\"appartement a louer\" loading=\"lazy\" srcset=\"https:\/\/www.accessgroup.tn\/wp-content\/uploads\/2021\/09\/fatimide.jpg 930w, https:\/\/www.accessgroup.tn\/wp-content\/uploads\/2021\/09\/fatimide-300x168.jpg 300w, https:\/\/www.accessgroup.tn\/wp-content\/uploads\/2021\/09\/fatimide-768x429.jpg 768w, https:\/\/www.accessgroup.tn\/wp-content\/uploads\/2021\/09\/fatimide-255x143.jpg 255w, https:\/\/www.accessgroup.tn\/wp-content\/uploads\/2021\/09\/fatimide-835x467.jpg 835w\" sizes=\"(max-width: 930px) 100vw, 930px\" \/>\t\t\t\t\t\t\t\t\t\t\t\t\t\t\t<\/div>\n\t\t\t\t<\/div>\n\t\t\t\t\t<\/div>\n\t\t<\/div>\n\t\t\t\t<div class=\"elementor-column elementor-col-50 elementor-inner-column elementor-element elementor-element-acccb80\" data-id=\"acccb80\" data-element_type=\"column\" data-settings=\"{&quot;background_background&quot;:&quot;classic&quot;}\">\n\t\t\t<div class=\"elementor-widget-wrap elementor-element-populated\">\n\t\t\t\t\t\t\t\t<div class=\"elementor-element elementor-element-6c396c2 elementor-widget elementor-widget-heading\" data-id=\"6c396c2\" data-element_type=\"widget\" data-widget_type=\"heading.default\">\n\t\t\t\t<div class=\"elementor-widget-container\">\n\t\t\t<h2 class=\"elementor-heading-title elementor-size-default\">ACCESS  IMMOBILIERE <\/h2>\t\t<\/div>\n\t\t\t\t<\/div>\n\t\t\t\t<div class=\"elementor-element elementor-element-7313956 elementor-widget elementor-widget-text-editor\" data-id=\"7313956\" data-element_type=\"widget\" data-widget_type=\"text-editor.default\">\n\t\t\t\t<div class=\"elementor-widget-container\">\n\t\t\t\t\t\t\t\t<p>The Soci\u00e9t\u00e9 access immobiliere invites you to discover its future project located at the Soukra in front of the International Polyclinic of the Soukra.<\/p>\t\t\t\t\t\t<\/div>\n\t\t\t\t<\/div>\n\t\t\t\t\t<\/div>\n\t\t<\/div>\n\t\t\t\t\t\t\t<\/div>\n\t\t<\/section>\n\t\t\t\t\t<\/div>\n\t\t<\/div>\n\t\t\t\t\t\t\t<\/div>\n\t\t<\/section>\n\t\t\t\t\t\t<\/div>\n\t\t\t\t\t<\/div>\n\t\t","protected":false},"excerpt":{"rendered":"<p>Presentation ACCESS IMMOBILIERE The Soci\u00e9t\u00e9 access immobiliere invites you to discover its future project located at the Soukra in front of the International Polyclinic of the Soukra.<\/p>\n","protected":false},"author":1,"featured_media":0,"parent":0,"menu_order":0,"comment_status":"closed","ping_status":"closed","template":"","meta":[],"yoast_head":"<!-- This site is optimized with the Yoast SEO plugin v16.9 - https:\/\/yoast.com\/wordpress\/plugins\/seo\/ -->\n<title>Access group | appartement a louer - r\u00e9sidence les fatimides Tunisie<\/title>\n<meta name=\"description\" content=\"\u00cates-vous \u00e0 la recherche d&#039;un appartement \u00e0 louer? Access groupe vous g\u00e2te avec des appartements hauts standings avec un bon rapport qualit\u00e9-prix \u00e0 Mahdia.\" \/>\n<meta name=\"robots\" content=\"index, follow, max-snippet:-1, max-image-preview:large, max-video-preview:-1\" \/>\n<link rel=\"canonical\" href=\"https:\/\/www.accessgroup.tn\/en\/\u0641\u064a-\u0645\u0627-\u064a\u062e\u0635\/\" \/>\n<meta property=\"og:locale\" content=\"en_US\" \/>\n<meta property=\"og:type\" content=\"article\" \/>\n<meta property=\"og:title\" content=\"Access group | appartement a louer - r\u00e9sidence les fatimides Tunisie\" \/>\n<meta property=\"og:description\" content=\"\u00cates-vous \u00e0 la recherche d&#039;un appartement \u00e0 louer? Access groupe vous g\u00e2te avec des appartements hauts standings avec un bon rapport qualit\u00e9-prix \u00e0 Mahdia.\" \/>\n<meta property=\"og:url\" content=\"https:\/\/www.accessgroup.tn\/ar\/\u0641\u064a-\u0645\u0627-\u064a\u062e\u0635\/\" \/>\n<meta property=\"og:site_name\" content=\"Access immobili\u00e8re\" \/>\n<meta property=\"article:modified_time\" content=\"2021-09-01T15:03:41+00:00\" \/>\n<meta property=\"og:image\" content=\"https:\/\/www.accessgroup.tn\/wp-content\/uploads\/2021\/09\/fatimide.jpg\" \/>\n<meta name=\"twitter:card\" content=\"summary_large_image\" \/>\n<script type=\"application\/ld+json\" class=\"yoast-schema-graph\">{\"@context\":\"https:\/\/schema.org\",\"@graph\":[{\"@type\":\"WebSite\",\"@id\":\"https:\/\/www.accessgroup.tn\/#website\",\"url\":\"https:\/\/www.accessgroup.tn\/\",\"name\":\"Access immobili\\u00e8re\",\"description\":\"Access group est un promoteur immobilier leader dans son domaine offrant des r\\u00e9sidences de luxe avec des appartements hauts standing\",\"potentialAction\":[{\"@type\":\"SearchAction\",\"target\":{\"@type\":\"EntryPoint\",\"urlTemplate\":\"https:\/\/www.accessgroup.tn\/?s={search_term_string}\"},\"query-input\":\"required name=search_term_string\"}],\"inLanguage\":\"en-US\"},{\"@type\":\"ImageObject\",\"@id\":\"https:\/\/www.accessgroup.tn\/ar\/%d9%81%d9%8a-%d9%85%d8%a7-%d9%8a%d8%ae%d8%b5\/#primaryimage\",\"inLanguage\":\"en-US\",\"url\":\"https:\/\/www.accessgroup.tn\/wp-content\/uploads\/2021\/09\/fatimide.jpg\",\"contentUrl\":\"https:\/\/www.accessgroup.tn\/wp-content\/uploads\/2021\/09\/fatimide.jpg\",\"width\":930,\"height\":520,\"caption\":\"appartement a louer\"},{\"@type\":\"WebPage\",\"@id\":\"https:\/\/www.accessgroup.tn\/ar\/%d9%81%d9%8a-%d9%85%d8%a7-%d9%8a%d8%ae%d8%b5\/#webpage\",\"url\":\"https:\/\/www.accessgroup.tn\/ar\/%d9%81%d9%8a-%d9%85%d8%a7-%d9%8a%d8%ae%d8%b5\/\",\"name\":\"Access group | appartement a louer - r\\u00e9sidence les fatimides Tunisie\",\"isPartOf\":{\"@id\":\"https:\/\/www.accessgroup.tn\/#website\"},\"primaryImageOfPage\":{\"@id\":\"https:\/\/www.accessgroup.tn\/ar\/%d9%81%d9%8a-%d9%85%d8%a7-%d9%8a%d8%ae%d8%b5\/#primaryimage\"},\"datePublished\":\"2021-08-09T12:17:35+00:00\",\"dateModified\":\"2021-09-01T15:03:41+00:00\",\"description\":\"\\u00cates-vous \\u00e0 la recherche d'un appartement \\u00e0 louer? Access groupe vous g\\u00e2te avec des appartements hauts standings avec un bon rapport qualit\\u00e9-prix \\u00e0 Mahdia.\",\"breadcrumb\":{\"@id\":\"https:\/\/www.accessgroup.tn\/ar\/%d9%81%d9%8a-%d9%85%d8%a7-%d9%8a%d8%ae%d8%b5\/#breadcrumb\"},\"inLanguage\":\"en-US\",\"potentialAction\":[{\"@type\":\"ReadAction\",\"target\":[\"https:\/\/www.accessgroup.tn\/ar\/%d9%81%d9%8a-%d9%85%d8%a7-%d9%8a%d8%ae%d8%b5\/\"]}]},{\"@type\":\"BreadcrumbList\",\"@id\":\"https:\/\/www.accessgroup.tn\/ar\/%d9%81%d9%8a-%d9%85%d8%a7-%d9%8a%d8%ae%d8%b5\/#breadcrumb\",\"itemListElement\":[{\"@type\":\"ListItem\",\"position\":1,\"name\":\"Accueil\",\"item\":\"https:\/\/www.accessgroup.tn\/ar\/\"},{\"@type\":\"ListItem\",\"position\":2,\"name\":\"Presentation\"}]}]}<\/script>\n<!-- \/ Yoast SEO plugin. -->","yoast_head_json":{"title":"Access group | appartement a louer - r\u00e9sidence les fatimides Tunisie","description":"\u00cates-vous \u00e0 la recherche d'un appartement \u00e0 louer? Access groupe vous g\u00e2te avec des appartements hauts standings avec un bon rapport qualit\u00e9-prix \u00e0 Mahdia.","robots":{"index":"index","follow":"follow","max-snippet":"max-snippet:-1","max-image-preview":"max-image-preview:large","max-video-preview":"max-video-preview:-1"},"canonical":"https:\/\/www.accessgroup.tn\/en\/\u0641\u064a-\u0645\u0627-\u064a\u062e\u0635\/","og_locale":"en_US","og_type":"article","og_title":"Access group | appartement a louer - r\u00e9sidence les fatimides Tunisie","og_description":"\u00cates-vous \u00e0 la recherche d'un appartement \u00e0 louer? Access groupe vous g\u00e2te avec des appartements hauts standings avec un bon rapport qualit\u00e9-prix \u00e0 Mahdia.","og_url":"https:\/\/www.accessgroup.tn\/ar\/\u0641\u064a-\u0645\u0627-\u064a\u062e\u0635\/","og_site_name":"Access immobili\u00e8re","article_modified_time":"2021-09-01T15:03:41+00:00","og_image":[{"url":"https:\/\/www.accessgroup.tn\/wp-content\/uploads\/2021\/09\/fatimide.jpg"}],"twitter_card":"summary_large_image","schema":{"@context":"https:\/\/schema.org","@graph":[{"@type":"WebSite","@id":"https:\/\/www.accessgroup.tn\/#website","url":"https:\/\/www.accessgroup.tn\/","name":"Access immobili\u00e8re","description":"Access group est un promoteur immobilier leader dans son domaine offrant des r\u00e9sidences de luxe avec des appartements hauts standing","potentialAction":[{"@type":"SearchAction","target":{"@type":"EntryPoint","urlTemplate":"https:\/\/www.accessgroup.tn\/?s={search_term_string}"},"query-input":"required name=search_term_string"}],"inLanguage":"en-US"},{"@type":"ImageObject","@id":"https:\/\/www.accessgroup.tn\/ar\/%d9%81%d9%8a-%d9%85%d8%a7-%d9%8a%d8%ae%d8%b5\/#primaryimage","inLanguage":"en-US","url":"https:\/\/www.accessgroup.tn\/wp-content\/uploads\/2021\/09\/fatimide.jpg","contentUrl":"https:\/\/www.accessgroup.tn\/wp-content\/uploads\/2021\/09\/fatimide.jpg","width":930,"height":520,"caption":"appartement a louer"},{"@type":"WebPage","@id":"https:\/\/www.accessgroup.tn\/ar\/%d9%81%d9%8a-%d9%85%d8%a7-%d9%8a%d8%ae%d8%b5\/#webpage","url":"https:\/\/www.accessgroup.tn\/ar\/%d9%81%d9%8a-%d9%85%d8%a7-%d9%8a%d8%ae%d8%b5\/","name":"Access group | appartement a louer - r\u00e9sidence les fatimides Tunisie","isPartOf":{"@id":"https:\/\/www.accessgroup.tn\/#website"},"primaryImageOfPage":{"@id":"https:\/\/www.accessgroup.tn\/ar\/%d9%81%d9%8a-%d9%85%d8%a7-%d9%8a%d8%ae%d8%b5\/#primaryimage"},"datePublished":"2021-08-09T12:17:35+00:00","dateModified":"2021-09-01T15:03:41+00:00","description":"\u00cates-vous \u00e0 la recherche d'un appartement \u00e0 louer? Access groupe vous g\u00e2te avec des appartements hauts standings avec un bon rapport qualit\u00e9-prix \u00e0 Mahdia.","breadcrumb":{"@id":"https:\/\/www.accessgroup.tn\/ar\/%d9%81%d9%8a-%d9%85%d8%a7-%d9%8a%d8%ae%d8%b5\/#breadcrumb"},"inLanguage":"en-US","potentialAction":[{"@type":"ReadAction","target":["https:\/\/www.accessgroup.tn\/ar\/%d9%81%d9%8a-%d9%85%d8%a7-%d9%8a%d8%ae%d8%b5\/"]}]},{"@type":"BreadcrumbList","@id":"https:\/\/www.accessgroup.tn\/ar\/%d9%81%d9%8a-%d9%85%d8%a7-%d9%8a%d8%ae%d8%b5\/#breadcrumb","itemListElement":[{"@type":"ListItem","position":1,"name":"Accueil","item":"https:\/\/www.accessgroup.tn\/ar\/"},{"@type":"ListItem","position":2,"name":"Presentation"}]}]}},"_links":{"self":[{"href":"https:\/\/www.accessgroup.tn\/en\/wp-json\/wp\/v2\/pages\/19372"}],"collection":[{"href":"https:\/\/www.accessgroup.tn\/en\/wp-json\/wp\/v2\/pages"}],"about":[{"href":"https:\/\/www.accessgroup.tn\/en\/wp-json\/wp\/v2\/types\/page"}],"author":[{"embeddable":true,"href":"https:\/\/www.accessgroup.tn\/en\/wp-json\/wp\/v2\/users\/1"}],"replies":[{"embeddable":true,"href":"https:\/\/www.accessgroup.tn\/en\/wp-json\/wp\/v2\/comments?post=19372"}],"version-history":[{"count":12,"href":"https:\/\/www.accessgroup.tn\/en\/wp-json\/wp\/v2\/pages\/19372\/revisions"}],"predecessor-version":[{"id":19742,"href":"https:\/\/www.accessgroup.tn\/en\/wp-json\/wp\/v2\/pages\/19372\/revisions\/19742"}],"wp:attachment":[{"href":"https:\/\/www.accessgroup.tn\/en\/wp-json\/wp\/v2\/media?parent=19372"}],"curies":[{"name":"wp","href":"https:\/\/api.w.org\/{rel}","templated":true}]}}