{"id":19538,"date":"2021-08-24T20:08:47","date_gmt":"2021-08-24T18:08:47","guid":{"rendered":"https:\/\/www.accessgroup.tn\/?page_id=19538"},"modified":"2022-06-01T12:59:44","modified_gmt":"2022-06-01T10:59:44","slug":"contact","status":"publish","type":"page","link":"https:\/\/www.accessgroup.tn\/ar\/contact\/","title":{"rendered":"\u0625\u062a\u0635\u0627\u0644"},"content":{"rendered":"\t\t<div data-elementor-type=\"wp-page\" data-elementor-id=\"19538\" class=\"elementor elementor-19538\" data-elementor-settings=\"[]\">\n\t\t\t\t\t\t\t<div class=\"elementor-section-wrap\">\n\t\t\t\t\t\t\t<section class=\"elementor-section elementor-top-section elementor-element elementor-element-53449712 elementor-section-boxed elementor-section-height-default elementor-section-height-default\" data-id=\"53449712\" data-element_type=\"section\">\n\t\t\t\t\t\t<div class=\"elementor-container elementor-column-gap-default\">\n\t\t\t\t\t<div class=\"elementor-column elementor-col-100 elementor-top-column elementor-element elementor-element-54d85eb3\" data-id=\"54d85eb3\" data-element_type=\"column\">\n\t\t\t<div class=\"elementor-widget-wrap elementor-element-populated\">\n\t\t\t\t\t\t\t\t<div class=\"elementor-element elementor-element-66c5be1f elementor-widget elementor-widget-text-editor\" data-id=\"66c5be1f\" data-element_type=\"widget\" data-widget_type=\"text-editor.default\">\n\t\t\t\t<div class=\"elementor-widget-container\">\n\t\t\t\t\t\t\t\t<p>[vc_row][vc_column width=&#8221;1\/2&#8243; css=&#8221;.vc_custom_1627384879305{margin-top: 40px !important;}&#8221;][vc_column_text]<\/p><h4>\u0627\u0644\u0639\u0646\u0648\u0627\u0646: Angle Boulevard de la Monnaie-Rue des Iles Zamelek\u060c ACCESS BUILDING building 1st floor-Lac II- Tunis 1053<\/h4><h4 class=\"telar\">+216\u00a0 \u0627\u0644\u0647\u0627\u062a\u0641:29119000\/98403400\/ 20291291\/27163175<\/h4><h4>\u0627\u0644\u0628\u0631\u064a\u062f \u0627\u0644\u0625\u0644\u0643\u062a\u0631\u0648\u0646\u064a: <a href=\"mailto:accessimmobiliere22@gmail.com\">accessimmobiliere22@gmail.com<\/a><\/h4><p>[\/vc_column_text][\/vc_column][vc_column width=&#8221;1\/2&#8243;]<div class=\"wpforms-container wpforms-container-full\" id=\"wpforms-19544\"><form id=\"wpforms-form-19544\" class=\"wpforms-validate wpforms-form wpforms-ajax-form\" data-formid=\"19544\" method=\"post\" enctype=\"multipart\/form-data\" action=\"\/ar\/wp-json\/wp\/v2\/pages\/19538\" data-token=\"865be11c82faf2cec6b19c0f90a8cf88\"><noscript class=\"wpforms-error-noscript\">Please enable JavaScript in your browser to complete this form.<\/noscript><div class=\"wpforms-field-container\"><div id=\"wpforms-19544-field_0-container\" class=\"wpforms-field wpforms-field-name\" data-field-id=\"0\"><label class=\"wpforms-field-label\" for=\"wpforms-19544-field_0\">\u0627\u0644\u0625\u0633\u0645 \u0648 \u0627\u0644\u0644\u0642\u0628 <span class=\"wpforms-required-label\">*<\/span><\/label><input type=\"text\" id=\"wpforms-19544-field_0\" class=\"wpforms-field-large wpforms-field-required\" name=\"wpforms[fields][0]\" required><\/div><div id=\"wpforms-19544-field_3-container\" class=\"wpforms-field wpforms-field-number\" data-field-id=\"3\"><label class=\"wpforms-field-label\" for=\"wpforms-19544-field_3\">\u0627\u0644\u0647\u0627\u062a\u0641 <span class=\"wpforms-required-label\">*<\/span><\/label><input type=\"number\" pattern=\"\\d*\" id=\"wpforms-19544-field_3\" class=\"wpforms-field-large wpforms-field-required\" name=\"wpforms[fields][3]\" required><\/div><div id=\"wpforms-19544-field_1-container\" class=\"wpforms-field wpforms-field-email\" data-field-id=\"1\"><label class=\"wpforms-field-label\" for=\"wpforms-19544-field_1\">\u0627\u0644\u0628\u0631\u064a\u062f \u0627\u0644\u0627\u0644\u0643\u062a\u0631\u0648\u0646\u064a <span class=\"wpforms-required-label\">*<\/span><\/label><input type=\"email\" id=\"wpforms-19544-field_1\" class=\"wpforms-field-large wpforms-field-required\" name=\"wpforms[fields][1]\" required><\/div><div id=\"wpforms-19544-field_2-container\" class=\"wpforms-field wpforms-field-textarea\" data-field-id=\"2\"><label class=\"wpforms-field-label\" for=\"wpforms-19544-field_2\">\u0631\u0633\u0627\u0644\u0629 <span class=\"wpforms-required-label\">*<\/span><\/label><textarea id=\"wpforms-19544-field_2\" class=\"wpforms-field-medium wpforms-field-required\" name=\"wpforms[fields][2]\" required><\/textarea><\/div><\/div><div class=\"wpforms-submit-container\" ><input type=\"hidden\" name=\"wpforms[id]\" value=\"19544\"><input type=\"hidden\" name=\"wpforms[author]\" value=\"1\"><button type=\"submit\" name=\"wpforms[submit]\" class=\"wpforms-submit \" id=\"wpforms-submit-19544\" value=\"wpforms-submit\" aria-live=\"assertive\" data-alt-text=\"\u062c\u0627\u0631\u064a \u0627\u0644\u0625\u0631\u0633\u0627\u0644 ...\" data-submit-text=\"\u0625\u0631\u0633\u0627\u0644\">\u0625\u0631\u0633\u0627\u0644<\/button><img loading=\"lazy\" src=\"https:\/\/www.accessgroup.tn\/wp-content\/plugins\/wpforms-lite\/assets\/images\/submit-spin.svg\" class=\"wpforms-submit-spinner\" style=\"display: none;\" width=\"26\" height=\"26\" alt=\"\"><\/div><\/form><\/div>  <!-- .wpforms-container -->[\/vc_column][\/vc_row]<\/p>\t\t\t\t\t\t<\/div>\n\t\t\t\t<\/div>\n\t\t\t\t\t<\/div>\n\t\t<\/div>\n\t\t\t\t\t\t\t<\/div>\n\t\t<\/section>\n\t\t\t\t\t\t<\/div>\n\t\t\t\t\t<\/div>\n\t\t","protected":false},"excerpt":{"rendered":"<p>[vc_row][vc_column width=&#8221;1\/2&#8243; css=&#8221;.vc_custom_1627384879305{margin-top: 40px !important;}&#8221;][vc_column_text] \u0627\u0644\u0639\u0646\u0648\u0627\u0646: Angle Boulevard de la Monnaie-Rue des Iles Zamelek\u060c ACCESS BUILDING building 1st floor-Lac II- Tunis 1053 +216\u00a0 \u0627\u0644\u0647\u0627\u062a\u0641:29119000\/98403400\/ 20291291\/27163175 \u0627\u0644\u0628\u0631\u064a\u062f \u0627\u0644\u0625\u0644\u0643\u062a\u0631\u0648\u0646\u064a: accessimmobiliere22@gmail.com [\/vc_column_text][\/vc_column][vc_column width=&#8221;1\/2&#8243;][\/vc_column][\/vc_row]<\/p>\n","protected":false},"author":1,"featured_media":0,"parent":0,"menu_order":0,"comment_status":"open","ping_status":"open","template":"","meta":[],"yoast_head":"<!-- This site is optimized with the Yoast SEO plugin v16.9 - https:\/\/yoast.com\/wordpress\/plugins\/seo\/ -->\n<title>Access group | appartement a louer - r\u00e9sidence les fatimides Tunisie<\/title>\n<meta name=\"description\" content=\"\u00cates-vous \u00e0 la recherche d&#039;un appartement \u00e0 louer? Access groupe vous g\u00e2te avec des appartements hauts standings avec un bon rapport qualit\u00e9-prix \u00e0 Mahdia.\" \/>\n<meta name=\"robots\" content=\"index, follow, max-snippet:-1, max-image-preview:large, max-video-preview:-1\" \/>\n<link rel=\"canonical\" href=\"https:\/\/www.accessgroup.tn\/ar\/contact\/\" \/>\n<meta property=\"og:locale\" content=\"ar_AR\" \/>\n<meta property=\"og:type\" content=\"article\" \/>\n<meta property=\"og:title\" content=\"Access group | appartement a louer - r\u00e9sidence les fatimides Tunisie\" \/>\n<meta property=\"og:description\" content=\"\u00cates-vous \u00e0 la recherche d&#039;un appartement \u00e0 louer? Access groupe vous g\u00e2te avec des appartements hauts standings avec un bon rapport qualit\u00e9-prix \u00e0 Mahdia.\" \/>\n<meta property=\"og:url\" content=\"https:\/\/www.accessgroup.tn\/ar\/contact\/\" \/>\n<meta property=\"og:site_name\" content=\"Access immobili\u00e8re\" \/>\n<meta property=\"article:modified_time\" content=\"2022-06-01T10:59:44+00:00\" \/>\n<meta name=\"twitter:card\" content=\"summary_large_image\" \/>\n<script type=\"application\/ld+json\" class=\"yoast-schema-graph\">{\"@context\":\"https:\/\/schema.org\",\"@graph\":[{\"@type\":\"WebSite\",\"@id\":\"https:\/\/www.accessgroup.tn\/#website\",\"url\":\"https:\/\/www.accessgroup.tn\/\",\"name\":\"Access immobili\\u00e8re\",\"description\":\"Access group est un promoteur immobilier leader dans son domaine offrant des r\\u00e9sidences de luxe avec des appartements hauts standing\",\"potentialAction\":[{\"@type\":\"SearchAction\",\"target\":{\"@type\":\"EntryPoint\",\"urlTemplate\":\"https:\/\/www.accessgroup.tn\/?s={search_term_string}\"},\"query-input\":\"required name=search_term_string\"}],\"inLanguage\":\"ar\"},{\"@type\":\"WebPage\",\"@id\":\"https:\/\/www.accessgroup.tn\/ar\/contact\/#webpage\",\"url\":\"https:\/\/www.accessgroup.tn\/ar\/contact\/\",\"name\":\"Access group | appartement a louer - r\\u00e9sidence les fatimides Tunisie\",\"isPartOf\":{\"@id\":\"https:\/\/www.accessgroup.tn\/#website\"},\"datePublished\":\"2021-08-24T18:08:47+00:00\",\"dateModified\":\"2022-06-01T10:59:44+00:00\",\"description\":\"\\u00cates-vous \\u00e0 la recherche d'un appartement \\u00e0 louer? Access groupe vous g\\u00e2te avec des appartements hauts standings avec un bon rapport qualit\\u00e9-prix \\u00e0 Mahdia.\",\"breadcrumb\":{\"@id\":\"https:\/\/www.accessgroup.tn\/ar\/contact\/#breadcrumb\"},\"inLanguage\":\"ar\",\"potentialAction\":[{\"@type\":\"ReadAction\",\"target\":[\"https:\/\/www.accessgroup.tn\/ar\/contact\/\"]}]},{\"@type\":\"BreadcrumbList\",\"@id\":\"https:\/\/www.accessgroup.tn\/ar\/contact\/#breadcrumb\",\"itemListElement\":[{\"@type\":\"ListItem\",\"position\":1,\"name\":\"Accueil\",\"item\":\"https:\/\/www.accessgroup.tn\/ar\/\"},{\"@type\":\"ListItem\",\"position\":2,\"name\":\"\\u0625\\u062a\\u0635\\u0627\\u0644\"}]}]}<\/script>\n<!-- \/ Yoast SEO plugin. -->","yoast_head_json":{"title":"Access group | appartement a louer - r\u00e9sidence les fatimides Tunisie","description":"\u00cates-vous \u00e0 la recherche d'un appartement \u00e0 louer? Access groupe vous g\u00e2te avec des appartements hauts standings avec un bon rapport qualit\u00e9-prix \u00e0 Mahdia.","robots":{"index":"index","follow":"follow","max-snippet":"max-snippet:-1","max-image-preview":"max-image-preview:large","max-video-preview":"max-video-preview:-1"},"canonical":"https:\/\/www.accessgroup.tn\/ar\/contact\/","og_locale":"ar_AR","og_type":"article","og_title":"Access group | appartement a louer - r\u00e9sidence les fatimides Tunisie","og_description":"\u00cates-vous \u00e0 la recherche d'un appartement \u00e0 louer? Access groupe vous g\u00e2te avec des appartements hauts standings avec un bon rapport qualit\u00e9-prix \u00e0 Mahdia.","og_url":"https:\/\/www.accessgroup.tn\/ar\/contact\/","og_site_name":"Access immobili\u00e8re","article_modified_time":"2022-06-01T10:59:44+00:00","twitter_card":"summary_large_image","schema":{"@context":"https:\/\/schema.org","@graph":[{"@type":"WebSite","@id":"https:\/\/www.accessgroup.tn\/#website","url":"https:\/\/www.accessgroup.tn\/","name":"Access immobili\u00e8re","description":"Access group est un promoteur immobilier leader dans son domaine offrant des r\u00e9sidences de luxe avec des appartements hauts standing","potentialAction":[{"@type":"SearchAction","target":{"@type":"EntryPoint","urlTemplate":"https:\/\/www.accessgroup.tn\/?s={search_term_string}"},"query-input":"required name=search_term_string"}],"inLanguage":"ar"},{"@type":"WebPage","@id":"https:\/\/www.accessgroup.tn\/ar\/contact\/#webpage","url":"https:\/\/www.accessgroup.tn\/ar\/contact\/","name":"Access group | appartement a louer - r\u00e9sidence les fatimides Tunisie","isPartOf":{"@id":"https:\/\/www.accessgroup.tn\/#website"},"datePublished":"2021-08-24T18:08:47+00:00","dateModified":"2022-06-01T10:59:44+00:00","description":"\u00cates-vous \u00e0 la recherche d'un appartement \u00e0 louer? Access groupe vous g\u00e2te avec des appartements hauts standings avec un bon rapport qualit\u00e9-prix \u00e0 Mahdia.","breadcrumb":{"@id":"https:\/\/www.accessgroup.tn\/ar\/contact\/#breadcrumb"},"inLanguage":"ar","potentialAction":[{"@type":"ReadAction","target":["https:\/\/www.accessgroup.tn\/ar\/contact\/"]}]},{"@type":"BreadcrumbList","@id":"https:\/\/www.accessgroup.tn\/ar\/contact\/#breadcrumb","itemListElement":[{"@type":"ListItem","position":1,"name":"Accueil","item":"https:\/\/www.accessgroup.tn\/ar\/"},{"@type":"ListItem","position":2,"name":"\u0625\u062a\u0635\u0627\u0644"}]}]}},"_links":{"self":[{"href":"https:\/\/www.accessgroup.tn\/ar\/wp-json\/wp\/v2\/pages\/19538"}],"collection":[{"href":"https:\/\/www.accessgroup.tn\/ar\/wp-json\/wp\/v2\/pages"}],"about":[{"href":"https:\/\/www.accessgroup.tn\/ar\/wp-json\/wp\/v2\/types\/page"}],"author":[{"embeddable":true,"href":"https:\/\/www.accessgroup.tn\/ar\/wp-json\/wp\/v2\/users\/1"}],"replies":[{"embeddable":true,"href":"https:\/\/www.accessgroup.tn\/ar\/wp-json\/wp\/v2\/comments?post=19538"}],"version-history":[{"count":13,"href":"https:\/\/www.accessgroup.tn\/ar\/wp-json\/wp\/v2\/pages\/19538\/revisions"}],"predecessor-version":[{"id":20877,"href":"https:\/\/www.accessgroup.tn\/ar\/wp-json\/wp\/v2\/pages\/19538\/revisions\/20877"}],"wp:attachment":[{"href":"https:\/\/www.accessgroup.tn\/ar\/wp-json\/wp\/v2\/media?parent=19538"}],"curies":[{"name":"wp","href":"https:\/\/api.w.org\/{rel}","templated":true}]}}